{"id":3,"date":"2023-06-29T10:49:16","date_gmt":"2023-06-29T08:49:16","guid":{"rendered":"https:\/\/www.shalom.it\/?page_id=3"},"modified":"2023-08-09T15:25:15","modified_gmt":"2023-08-09T13:25:15","slug":"privacy-policy","status":"publish","type":"page","link":"https:\/\/www.shalom.it\/privacy-policy\/","title":{"rendered":"Privacy Policy"},"content":{"rendered":"<p>La presente informativa sul trattamento dei dati personali \u00e8 resa ai sensi dell&#8217;art. 13 del Regolamento (UE) 2016\/679 relativo alla protezione delle persone fisiche con riguardo al trattamento dei dati personali, nonch\u00e9 alla libera circolazione di tali dati (di seguito &#8216;Regolamento&#8217;) e del Codice per la protezione dei dati personali D.Lgs. n. 196\/2003 s.i.m. (di seguito &#8216;Codice Privacy&#8217;) a tutti gli utenti che consultano e\/o si registrano e, pi\u00f9 in generale, interagiscono con i servizi resi attraverso il sito web del Mensile Shalom di propriet\u00e0 della Comunit\u00e0 Ebraica di Roma (di seguito &#8216;Sito&#8217;).In questa informativa Le illustreremo le finalit\u00e0 e le modalit\u00e0 con cui la Comunit\u00e0 Ebraica di Roma (di seguito \u201cCER\u201d) raccoglie e tratta i Suoi dati personali, quali categorie di dati sono oggetto di trattamento, quali sono i diritti degli interessati al trattamento e come possono essere esercitati.L&#8217;informativa \u00e8 resa esclusivamente per il presente Sito e per il sito della CER www.romaebraica.it, pertanto CER non si assume nessuna responsabilit\u00e0 in merito agli altri siti web eventualmente consultati tramite collegamenti ipertestuali presenti sul sito stesso. I dati personali saranno trattati con modalit\u00e0 informatiche e cartacee.La invitiamo a prendere visione di questa informativa prima di fornire informazioni personali di qualsiasi genere.Se ha meno di 16 anni, ai sensi dell&#8217;art. 6 del Regolamento, dovr\u00e0 informare un genitore o tutore del contenuto di questa informativa ed ottenere il suo consenso documentato, qualora questo sia richiesto per l&#8217;attivazione dei nostri servizi.<\/p>\r\n<h4>1 &#8211; Titolare del trattamento<\/h4>\r\n<p>I dati personali forniti e quelli raccolti durante la navigazione sul Sito saranno trattati dalla CER, con sede legale in Roma, largo Stefano Gai Tach\u00e9 \u2013 Sinagoga \u2013 00186 ROMA, tel. 0668400636, email info@romaebraica.it, quale Titolare del trattamento e per le finalit\u00e0 che si illustrano di seguito<\/p>\r\n<h4>2. Luogo del trattamento<\/h4>\r\n<p>I dati personali forniti e quelli raccolti saranno trattati presso la sede Legale della CER, largo Stefano Gai Tach\u00e9 \u2013 Sinagoga \u2013 00186 ROMA. Per ulteriori informazioni, pu\u00f2 contattare il Titolare all&#8217;indirizzo info@romaebraica.it.<\/p>\r\n<h4>3. Categorie di dati personali<\/h4>\r\n<p><strong>a. Dati di navigazione<\/strong><\/p>\r\n<p>I sistemi informatici e le procedure software preposte al funzionamento di questo sito web acquisiscono, nel corso del loro normale esercizio, alcuni dati personali la cui trasmissione \u00e8 implicita nell&#8217;uso dei protocolli di comunicazione di Internet.Si tratta di informazioni che non sono raccolte per essere associate a interessati identificati, ma che per loro stessa natura potrebbero, attraverso elaborazioni ed associazioni con dati detenuti da terzi, permettere di identificare gli utenti.In questa categoria di dati rientrano gli indirizzi IP o i nomi a dominio dei computer utilizzati dagli utenti che si connettono al sito, gli indirizzi in notazione URI (Uniform Resource Identifier) delle risorse richieste, l&#8217;orario della richiesta, il metodo utilizzato nel sottoporre la richiesta al server, la dimensione del file ottenuto in risposta, il codice numerico indicante lo stato della risposta data dal server (buon fine, errore, ecc.) ed altri parametri relativi al sistema operativo e all&#8217;ambiente informatico dell&#8217;utente.Questi dati vengono utilizzati al solo fine di ricavare informazioni statistiche anonime sull&#8217;uso del sito e per controllarne il corretto funzionamento e vengono cancellati immediatamente dopo l&#8217;elaborazione. I dati potrebbero essere utilizzati per l&#8217;accertamento di responsabilit\u00e0 in caso di ipotetici reati informatici ai danni del sito.<\/p>\r\n<p><strong>b. Dati forniti volontariamente dall&#8217;utente per la registrazione al Sito<\/strong><\/p>\r\n<p>Fatto salvo quanto sopra specificato in relazione ai dati di navigazione, CER acquisir\u00e0 i dati personali eventualmente forniti dall&#8217;utente per effettuare la registrazione al Sito tramite il modulo di contatto, che raccoglier\u00e0 le informazioni relative al nome, cognome e indirizzo di posta elettronica e ogni altra informazione che l&#8217;utente vorr\u00e0 comunicarci volontariamente e liberamente.I dati personali sopra indicati saranno trattati dal Titolare esclusivamente per le finalit\u00e0 e nei limiti indicati al paragrafo successivo.Attraverso il Sito, il Titolare non acquisir\u00e0 dati di natura sensibile o comunque appartenenti alle categorie particolari di cui all&#8217;art. 9 del Regolamento (UE) 2016\/679 o dati relativi a condanne penali o reati.Qualora Lei dovesse fornire dati personali di terzi, questo avverr\u00e0 sotto sua esclusiva responsabilit\u00e0, e garantir\u00e0 di avere il diritto di comunicarli o diffonderli, liberando il Titolare ed i suoi fornitori da qualsiasi conseguenza e responsabilit\u00e0 verso predetti terzi.I dati personali sopra indicati saranno trattati dal Titolare esclusivamente per le finalit\u00e0 e nei limiti indicati al paragrafo successivo.Il Titolare non acquisir\u00e0 dati di natura sensibile o comunque appartenenti alle categorie particolari di cui all&#8217;art. 9 del Regolamento (UE) 2016\/679 o dati relativi a condanne penali o reati.<\/p>\r\n<p><strong>c. Iscrizione alla newsletter<\/strong><\/p>\r\n<p>Il Titolare acquisisce alcuni dati personali in occasione della fruizione del servizio di newsletter offerto da CER attraverso i Siti, dati forniti dall&#8217;utente tramite il modulo di contatto che raccoglier\u00e0 le informazioni relative al nome, cognome e indirizzo di posta elettronica, nonch\u00e9 ogni altra informazione che l&#8217;utente vorr\u00e0 comunicarci volontariamente e liberamente.I dati personali sopra indicati saranno trattati dal Titolare esclusivamente per le finalit\u00e0 e nei limiti indicati al paragrafo successivo.<\/p>\r\n<h4>4. Finalit\u00e0 e base giuridica del trattamento<\/h4>\r\n<p>I dati forniti con la compilazione dei campi del modulo di contatto verranno utilizzati per inviarle la newsletter, eseguire i servizi e\/o per fornirle le informazioni richieste, sia a mezzo posta elettronica che a mezzo contatto telefonico, ai recapiti da Lei forniti al momento della compilazione e\/o della chiamata.I dati saranno quindi trattati in base al consenso dell&#8217;interessato e, eventualmente, del legittimo interesse del titolare.I dati richiesti al momento della compilazione del modulo di iscrizione sono necessari per eseguire le operazioni e\/o rilasciarle le informazioni che ci ha richiesto, pertanto il loro trattamento \u00e8 necessario per procedere all&#8217;esatta esecuzione della sua richiesta.Qualora abbia fornito il suo indirizzo e-mail esclusivamente per l&#8217;iscrizione al servizio di newsletter, questo sar\u00e0 trattato al fine di inoltro delle comunicazioni aventi ad oggetto i servizi, eventi ed iniziative di CER e\/o a cui CER partecipa.Il conferimento dei suoi dati personali per l&#8217;invio della newsletter \u00e8 sempre facoltativo, tuttavia, in mancanza del suo indirizzo e-mail non sar\u00e0 possibile procedere all&#8217;iscrizione al servizio medesimo. Il consenso prestato selezionando l&#8217;opzione che trova in calce al modulo di contatto \u00e8 valido sino a sua revoca che potr\u00e0 esercitare secondo le modalit\u00e0 previste successivo art. 7 della presente informativa.<\/p>\r\n<h4>5. Categorie di soggetti ai quali i dati personali possono essere comunicati e finalit\u00e0 della comunicazione<\/h4>\r\n<p>I dati raccolti non saranno comunicati n\u00e9 diffusi ad altri soggetti.Ove lo desideri, l&#8217;elenco aggiornato recante i nominativi dei Responsabili del trattamento \u00e8 a Sua disposizione presso la sede del Titolare del trattamento, al quale potr\u00e0 chiederlo in qualsiasi momento anche via e-mail scrivendo all&#8217;indirizzo info@romaebraica.it.<\/p>\r\n<h4>6. Periodo di conservazione dei dati e durata dei trattamenti<\/h4>\r\n<p>I dati personali forniti all&#8217;atto della compilazione del modulo di iscrizione al servizio di newsletter saranno conservati per tutto il periodo necessario all&#8217;esecuzione delle operazioni e\/o servizi richiesti e, comunque, non oltre 36 mesi dal momento del loro conferimento e\/o dall&#8217;intervenuta richiesta di cancellazione, secondo le modalit\u00e0 indicate, dal servizio di newsletter.I dati raccolti nel corso della navigazione saranno cancellati secondo i termini di legge ed indicati nell&#8217;informativa cookie.Alla relativa scadenza, i dati saranno cancellati automaticamente ovvero resi anonimi in modo permanente. Pertanto, allo spirare del termine di conservazione il diritto di accesso, cancellazione, rettificazione ed il diritto alla portabilit\u00e0 dei dati non potranno pi\u00f9 essere esercitati.In ogni caso CER potr\u00e0 conservare taluni Suoi dati personali qualora dovessero risultare necessari per difendere o far valere un diritto della stessa o adempiere ad un obbligo di legge.<\/p>\r\n<h4>7. Diritti degli interessati<\/h4>\r\n<p>La informiamo che, in conformit\u00e0 alla vigente disciplina, ha i seguenti diritti: chiedere e ottenere informazioni circa l&#8217;esistenza di propri dati nella disponibilit\u00e0 del Titolare e accesso a tali dati; per i dati oggetto di trattamento con sistemi automatizzati, chiedere la comunicazione dei propri dati e\/o il trasferimento ad altro titolare; chiedere e ottenere la modifica e\/o correzione dei suoi dati personali se ritiene che siano inaccurati o incompleti; chiedere e ottenere la cancellazione &#8211; e\/o la limitazione del trattamento &#8211; dei suoi dati personali qualora si tratti di dati o informazioni non necessari &#8211; o non pi\u00f9 necessari &#8211; per le finalit\u00e0 che precedono, quindi decorso il periodo di conservazione indicato al paragrafo che precede.In particolare, Le sono riconosciuti i seguenti diritti: artt. 15 &#8211; &#8216;Diritto di accesso dell&#8217;interessato&#8217;, 16 &#8211; &#8216;Diritto di rettifica&#8217;, 17 &#8211; &#8216;Diritto alla cancellazione&#8217;, 18 &#8211; &#8216;Diritto di limitazione al trattamento&#8217;, 20 &#8211; &#8216;Diritto alla portabilit\u00e0 dei dati&#8217; del Regolamento UE 2016\/679, nei limiti ed alle condizioni previste dall&#8217;art. 12 del Regolamento stesso.Tali richieste potranno essere indirizzate direttamente al Titolare, scrivendo alla Comunit\u00e0 Ebraica di Roma con sede legale in Roma, largo Stefano Gai Tach\u00e9 \u2013 Sinagoga \u2013 00186 ROMA, tel. 0668400636, email info@romaebraica.it.La informiamo che ai sensi della disciplina vigente pu\u00f2 proporre eventuali reclami riguardanti i trattamenti di suoi dati personali al Garante per la protezione dei dati personali.<\/p>\r\n<!-- \/wp:post-content -->","protected":false},"excerpt":{"rendered":"<p>La presente informativa sul trattamento dei dati personali \u00e8 resa ai sensi dell&#8217;art. 13 del Regolamento (UE) 2016\/679 relativo alla protezione delle persone fisiche con riguardo al trattamento dei dati personali, nonch\u00e9 alla libera circolazione di tali dati (di seguito &#8216;Regolamento&#8217;) e del Codice per la protezione dei dati personali D.Lgs. n. 196\/2003 s.i.m. (di [&hellip;]<\/p>\n","protected":false},"author":1,"featured_media":0,"parent":0,"menu_order":0,"comment_status":"closed","ping_status":"closed","template":"","meta":{"_acf_changed":false,"footnotes":""},"class_list":["post-3","page","type-page","status-publish","hentry"],"acf":[],"yoast_head":"<!-- This site is optimized with the Yoast SEO plugin v26.9 - https:\/\/yoast.com\/product\/yoast-seo-wordpress\/ -->\n<title>Privacy Policy - Shalom<\/title>\n<meta name=\"robots\" content=\"index, follow, max-snippet:-1, max-image-preview:large, max-video-preview:-1\" \/>\n<link rel=\"canonical\" href=\"https:\/\/www.shalom.it\/privacy-policy\/\" \/>\n<meta property=\"og:locale\" content=\"it_IT\" \/>\n<meta property=\"og:type\" content=\"article\" \/>\n<meta property=\"og:title\" content=\"Privacy Policy - Shalom\" \/>\n<meta property=\"og:description\" content=\"La presente informativa sul trattamento dei dati personali \u00e8 resa ai sensi dell&#8217;art. 13 del Regolamento (UE) 2016\/679 relativo alla protezione delle persone fisiche con riguardo al trattamento dei dati personali, nonch\u00e9 alla libera circolazione di tali dati (di seguito &#8216;Regolamento&#8217;) e del Codice per la protezione dei dati personali D.Lgs. n. 196\/2003 s.i.m. (di [&hellip;]\" \/>\n<meta property=\"og:url\" content=\"https:\/\/www.shalom.it\/privacy-policy\/\" \/>\n<meta property=\"og:site_name\" content=\"Shalom\" \/>\n<meta property=\"article:modified_time\" content=\"2023-08-09T13:25:15+00:00\" \/>\n<meta name=\"twitter:card\" content=\"summary_large_image\" \/>\n<meta name=\"twitter:label1\" content=\"Tempo di lettura stimato\" \/>\n\t<meta name=\"twitter:data1\" content=\"8 minuti\" \/>\n<script type=\"application\/ld+json\" class=\"yoast-schema-graph\">{\"@context\":\"https:\/\/schema.org\",\"@graph\":[{\"@type\":\"WebPage\",\"@id\":\"https:\/\/www.shalom.it\/privacy-policy\/\",\"url\":\"https:\/\/www.shalom.it\/privacy-policy\/\",\"name\":\"Privacy Policy - Shalom\",\"isPartOf\":{\"@id\":\"https:\/\/www.shalom.it\/#website\"},\"datePublished\":\"2023-06-29T08:49:16+00:00\",\"dateModified\":\"2023-08-09T13:25:15+00:00\",\"breadcrumb\":{\"@id\":\"https:\/\/www.shalom.it\/privacy-policy\/#breadcrumb\"},\"inLanguage\":\"it-IT\",\"potentialAction\":[{\"@type\":\"ReadAction\",\"target\":[\"https:\/\/www.shalom.it\/privacy-policy\/\"]}]},{\"@type\":\"BreadcrumbList\",\"@id\":\"https:\/\/www.shalom.it\/privacy-policy\/#breadcrumb\",\"itemListElement\":[{\"@type\":\"ListItem\",\"position\":1,\"name\":\"Home\",\"item\":\"https:\/\/www.shalom.it\/\"},{\"@type\":\"ListItem\",\"position\":2,\"name\":\"Privacy Policy\"}]},{\"@type\":\"WebSite\",\"@id\":\"https:\/\/www.shalom.it\/#website\",\"url\":\"https:\/\/www.shalom.it\/\",\"name\":\"Shalom\",\"description\":\"Il Magazine della comunit\u00e0 ebraica di Roma\",\"potentialAction\":[{\"@type\":\"SearchAction\",\"target\":{\"@type\":\"EntryPoint\",\"urlTemplate\":\"https:\/\/www.shalom.it\/?s={search_term_string}\"},\"query-input\":{\"@type\":\"PropertyValueSpecification\",\"valueRequired\":true,\"valueName\":\"search_term_string\"}}],\"inLanguage\":\"it-IT\"}]}<\/script>\n<!-- \/ Yoast SEO plugin. -->","yoast_head_json":{"title":"Privacy Policy - Shalom","robots":{"index":"index","follow":"follow","max-snippet":"max-snippet:-1","max-image-preview":"max-image-preview:large","max-video-preview":"max-video-preview:-1"},"canonical":"https:\/\/www.shalom.it\/privacy-policy\/","og_locale":"it_IT","og_type":"article","og_title":"Privacy Policy - Shalom","og_description":"La presente informativa sul trattamento dei dati personali \u00e8 resa ai sensi dell&#8217;art. 13 del Regolamento (UE) 2016\/679 relativo alla protezione delle persone fisiche con riguardo al trattamento dei dati personali, nonch\u00e9 alla libera circolazione di tali dati (di seguito &#8216;Regolamento&#8217;) e del Codice per la protezione dei dati personali D.Lgs. n. 196\/2003 s.i.m. (di [&hellip;]","og_url":"https:\/\/www.shalom.it\/privacy-policy\/","og_site_name":"Shalom","article_modified_time":"2023-08-09T13:25:15+00:00","twitter_card":"summary_large_image","twitter_misc":{"Tempo di lettura stimato":"8 minuti"},"schema":{"@context":"https:\/\/schema.org","@graph":[{"@type":"WebPage","@id":"https:\/\/www.shalom.it\/privacy-policy\/","url":"https:\/\/www.shalom.it\/privacy-policy\/","name":"Privacy Policy - Shalom","isPartOf":{"@id":"https:\/\/www.shalom.it\/#website"},"datePublished":"2023-06-29T08:49:16+00:00","dateModified":"2023-08-09T13:25:15+00:00","breadcrumb":{"@id":"https:\/\/www.shalom.it\/privacy-policy\/#breadcrumb"},"inLanguage":"it-IT","potentialAction":[{"@type":"ReadAction","target":["https:\/\/www.shalom.it\/privacy-policy\/"]}]},{"@type":"BreadcrumbList","@id":"https:\/\/www.shalom.it\/privacy-policy\/#breadcrumb","itemListElement":[{"@type":"ListItem","position":1,"name":"Home","item":"https:\/\/www.shalom.it\/"},{"@type":"ListItem","position":2,"name":"Privacy Policy"}]},{"@type":"WebSite","@id":"https:\/\/www.shalom.it\/#website","url":"https:\/\/www.shalom.it\/","name":"Shalom","description":"Il Magazine della comunit\u00e0 ebraica di Roma","potentialAction":[{"@type":"SearchAction","target":{"@type":"EntryPoint","urlTemplate":"https:\/\/www.shalom.it\/?s={search_term_string}"},"query-input":{"@type":"PropertyValueSpecification","valueRequired":true,"valueName":"search_term_string"}}],"inLanguage":"it-IT"}]}},"jetpack_sharing_enabled":true,"_links":{"self":[{"href":"https:\/\/www.shalom.it\/wp-json\/wp\/v2\/pages\/3","targetHints":{"allow":["GET"]}}],"collection":[{"href":"https:\/\/www.shalom.it\/wp-json\/wp\/v2\/pages"}],"about":[{"href":"https:\/\/www.shalom.it\/wp-json\/wp\/v2\/types\/page"}],"author":[{"embeddable":true,"href":"https:\/\/www.shalom.it\/wp-json\/wp\/v2\/users\/1"}],"replies":[{"embeddable":true,"href":"https:\/\/www.shalom.it\/wp-json\/wp\/v2\/comments?post=3"}],"version-history":[{"count":3,"href":"https:\/\/www.shalom.it\/wp-json\/wp\/v2\/pages\/3\/revisions"}],"predecessor-version":[{"id":568,"href":"https:\/\/www.shalom.it\/wp-json\/wp\/v2\/pages\/3\/revisions\/568"}],"wp:attachment":[{"href":"https:\/\/www.shalom.it\/wp-json\/wp\/v2\/media?parent=3"}],"curies":[{"name":"wp","href":"https:\/\/api.w.org\/{rel}","templated":true}]}}